{"id":3823,"date":"2022-01-07T11:34:25","date_gmt":"2022-01-07T11:34:25","guid":{"rendered":"https:\/\/blog.cadernointeligente.pt\/wp\/?page_id=3823"},"modified":"2023-12-20T14:42:36","modified_gmt":"2023-12-20T14:42:36","slug":"8o-ano","status":"publish","type":"page","link":"https:\/\/blog.cadernointeligente.pt\/wp\/8o-ano\/","title":{"rendered":"8\u00ba ano"},"content":{"rendered":"\n<h3 class=\"wp-block-heading\"><strong>Partilha e descarrega apontamentos do 8\u00ba ano<\/strong><a href=\"https:\/\/blog.cadernointeligente.pt\/wp\/wp-admin\/edit.php?post_type=page\"><\/a><\/h3>\n\n\n\n<p>Para al\u00e9m das lives de estudo, queremos criar uma enorme comunidade de estudo onde tu podes partilhar os teus resumos\/apontamentos com todos os CIlovers!<\/p>\n\n\n\n<p>No nosso blog, criamos este cantinho dedicado aos apontamentos. Podes enviar os teus resumos bonitinhos e n\u00f3s iremos partilhar aqui de forma gratuita para outros estudantes. Tamb\u00e9m tu vais poder ajudar outros alunos!<\/p>\n\n\n\n<p>Para al\u00e9m de partilhares os teus resumos, tamb\u00e9m vais poder descarregar resumos daquela disciplina que tens mais dificuldade.<\/p>\n\n\n\n<p>Como j\u00e1 referimos em cima, queremos que arrases neste ano letivo e na prepara\u00e7\u00e3o dos exames nacionais! Acompanha-nos e junta-te a n\u00f3s nesta conquista pelas melhores notas.<\/p>\n\n\n\n<p>O que achaste desta mega novidade do CI? Esperamos que tenhas adorado e tenhas ficado cheia de motiva\u00e7\u00e3o para entrar com for\u00e7a para arrasar neste novo ano. E claro, com vontade de estudar com o Caderno Inteligente.<\/p>\n\n\n\n<p><strong> <strong>Apontamentos disciplinas<\/strong> do 8\u00ba ano<\/strong><\/p>\n\n\n\n<ul class=\"wp-block-list\"><li><a href=\"https:\/\/blog.cadernointeligente.pt\/wp\/ciencias-8o-ano\/\">Ci\u00eancias Naturais e Cidadania<\/a><\/li><li><a href=\"https:\/\/blog.cadernointeligente.pt\/wp\/fisico-quimica-8o-ano\/\">F\u00edsico-Qu\u00edmica<\/a><\/li><li><a href=\"https:\/\/blog.cadernointeligente.pt\/wp\/geografia-8o-ano\/\">Geografia<\/a><\/li><li><a href=\"https:\/\/blog.cadernointeligente.pt\/wp\/historia-8o-ano\/\">Hist\u00f3ria<\/a><\/li><li><a href=\"https:\/\/blog.cadernointeligente.pt\/wp\/matematica-8oano\/\">Matem\u00e1tica<\/a><\/li><li><a href=\"https:\/\/blog.cadernointeligente.pt\/wp\/portugues-8o-ano\/\">Portugu\u00eas<\/a><\/li><li><a href=\"https:\/\/blog.cadernointeligente.pt\/wp\/ingles-8o-ano\/\">Ingl\u00eas<\/a><\/li><li>Espanhol<\/li><li><a href=\"https:\/\/blog.cadernointeligente.pt\/wp\/frances-8o-ano\/\">Franc\u00eas<\/a><\/li><li>Alem\u00e3o<\/li><\/ul>\n\n\n\n<p><\/p>\n\n\n\n<p><\/p>\n\n\n\n<p><\/p>\n\n\n\n<p><strong>Nota:<\/strong>&nbsp;Este \u00e9 um espa\u00e7o criado unicamente para unir a nossa comunidade de CIlovers, sendo o Caderno Inteligente apenas um interlocutor\/intermedi\u00e1rio entre os membros atrav\u00e9s do fornecimento de apontamentos. Os mesmos n\u00e3o s\u00e3o validados por nenhum profissional, e como tal, n\u00e3o nos responsabilizamos pela veracidade presente no conte\u00fado dos mesmos.<\/p>\n","protected":false},"excerpt":{"rendered":"<p>Partilha e descarrega apontamentos do 8\u00ba ano Para al\u00e9m das lives de estudo, queremos criar uma enorme comunidade de estudo&hellip;<\/p>\n","protected":false},"author":1,"featured_media":4116,"parent":0,"menu_order":0,"comment_status":"closed","ping_status":"closed","template":"","meta":{"jetpack_post_was_ever_published":false,"footnotes":""},"class_list":["post-3823","page","type-page","status-publish","has-post-thumbnail","hentry"],"yoast_head":"<!-- This site is optimized with the Yoast SEO plugin v27.2 - https:\/\/yoast.com\/product\/yoast-seo-wordpress\/ -->\n<title>Material de Apoio ao Estudo 8\u00ba ano - Caderno Inteligente<\/title>\n<meta name=\"description\" content=\"Neste espa\u00e7o podes consultar e partilhar resumos, apontamentos e outros materiais de apoio para o 8\u00ba ano. Ainda podes ver o que j\u00e1 temos\" \/>\n<meta name=\"robots\" content=\"index, follow, max-snippet:-1, max-image-preview:large, max-video-preview:-1\" \/>\n<link rel=\"canonical\" href=\"https:\/\/blog.cadernointeligente.pt\/wp\/8o-ano\/\" \/>\n<meta property=\"og:locale\" content=\"pt_PT\" \/>\n<meta property=\"og:type\" content=\"article\" \/>\n<meta property=\"og:title\" content=\"Material de Apoio ao Estudo 8\u00ba ano - Caderno Inteligente\" \/>\n<meta property=\"og:description\" content=\"Neste espa\u00e7o podes consultar e partilhar resumos, apontamentos e outros materiais de apoio para o 8\u00ba ano. Ainda podes ver o que j\u00e1 temos\" \/>\n<meta property=\"og:url\" content=\"https:\/\/blog.cadernointeligente.pt\/wp\/8o-ano\/\" \/>\n<meta property=\"og:site_name\" content=\"Caderno Inteligente\" \/>\n<meta property=\"article:modified_time\" content=\"2023-12-20T14:42:36+00:00\" \/>\n<meta property=\"og:image\" content=\"https:\/\/blog.cadernointeligente.pt\/wp\/wp-content\/uploads\/2022\/01\/Banner_8_ano.jpg\" \/>\n\t<meta property=\"og:image:width\" content=\"1858\" \/>\n\t<meta property=\"og:image:height\" content=\"532\" \/>\n\t<meta property=\"og:image:type\" content=\"image\/jpeg\" \/>\n<meta name=\"twitter:card\" content=\"summary_large_image\" \/>\n<meta name=\"twitter:label1\" content=\"Tempo estimado de leitura\" \/>\n\t<meta name=\"twitter:data1\" content=\"2 minutos\" \/>\n<script type=\"application\/ld+json\" class=\"yoast-schema-graph\">{\"@context\":\"https:\/\/schema.org\",\"@graph\":[{\"@type\":\"WebPage\",\"@id\":\"https:\/\/blog.cadernointeligente.pt\/wp\/8o-ano\/\",\"url\":\"https:\/\/blog.cadernointeligente.pt\/wp\/8o-ano\/\",\"name\":\"Material de Apoio ao Estudo 8\u00ba ano - Caderno Inteligente\",\"isPartOf\":{\"@id\":\"https:\/\/blog.cadernointeligente.pt\/wp\/#website\"},\"primaryImageOfPage\":{\"@id\":\"https:\/\/blog.cadernointeligente.pt\/wp\/8o-ano\/#primaryimage\"},\"image\":{\"@id\":\"https:\/\/blog.cadernointeligente.pt\/wp\/8o-ano\/#primaryimage\"},\"thumbnailUrl\":\"https:\/\/i0.wp.com\/blog.cadernointeligente.pt\/wp\/wp-content\/uploads\/2022\/01\/Banner_8_ano.jpg?fit=1858%2C532&ssl=1\",\"datePublished\":\"2022-01-07T11:34:25+00:00\",\"dateModified\":\"2023-12-20T14:42:36+00:00\",\"description\":\"Neste espa\u00e7o podes consultar e partilhar resumos, apontamentos e outros materiais de apoio para o 8\u00ba ano. Ainda podes ver o que j\u00e1 temos\",\"breadcrumb\":{\"@id\":\"https:\/\/blog.cadernointeligente.pt\/wp\/8o-ano\/#breadcrumb\"},\"inLanguage\":\"pt-PT\",\"potentialAction\":[{\"@type\":\"ReadAction\",\"target\":[\"https:\/\/blog.cadernointeligente.pt\/wp\/8o-ano\/\"]}]},{\"@type\":\"ImageObject\",\"inLanguage\":\"pt-PT\",\"@id\":\"https:\/\/blog.cadernointeligente.pt\/wp\/8o-ano\/#primaryimage\",\"url\":\"https:\/\/i0.wp.com\/blog.cadernointeligente.pt\/wp\/wp-content\/uploads\/2022\/01\/Banner_8_ano.jpg?fit=1858%2C532&ssl=1\",\"contentUrl\":\"https:\/\/i0.wp.com\/blog.cadernointeligente.pt\/wp\/wp-content\/uploads\/2022\/01\/Banner_8_ano.jpg?fit=1858%2C532&ssl=1\",\"width\":1858,\"height\":532,\"caption\":\"Banner_8_ano\"},{\"@type\":\"BreadcrumbList\",\"@id\":\"https:\/\/blog.cadernointeligente.pt\/wp\/8o-ano\/#breadcrumb\",\"itemListElement\":[{\"@type\":\"ListItem\",\"position\":1,\"name\":\"In\u00edcio\",\"item\":\"https:\/\/blog.cadernointeligente.pt\/wp\/\"},{\"@type\":\"ListItem\",\"position\":2,\"name\":\"8\u00ba ano\"}]},{\"@type\":\"WebSite\",\"@id\":\"https:\/\/blog.cadernointeligente.pt\/wp\/#website\",\"url\":\"https:\/\/blog.cadernointeligente.pt\/wp\/\",\"name\":\"Caderno Inteligente\",\"description\":\"Blog do Caderno Inteligente Portugal\",\"publisher\":{\"@id\":\"https:\/\/blog.cadernointeligente.pt\/wp\/#organization\"},\"potentialAction\":[{\"@type\":\"SearchAction\",\"target\":{\"@type\":\"EntryPoint\",\"urlTemplate\":\"https:\/\/blog.cadernointeligente.pt\/wp\/?s={search_term_string}\"},\"query-input\":{\"@type\":\"PropertyValueSpecification\",\"valueRequired\":true,\"valueName\":\"search_term_string\"}}],\"inLanguage\":\"pt-PT\"},{\"@type\":\"Organization\",\"@id\":\"https:\/\/blog.cadernointeligente.pt\/wp\/#organization\",\"name\":\"Caderno Inteligente Portugal\",\"url\":\"https:\/\/blog.cadernointeligente.pt\/wp\/\",\"logo\":{\"@type\":\"ImageObject\",\"inLanguage\":\"pt-PT\",\"@id\":\"https:\/\/blog.cadernointeligente.pt\/wp\/#\/schema\/logo\/image\/\",\"url\":\"https:\/\/i0.wp.com\/blog.cadernointeligente.pt\/wp\/wp-content\/uploads\/2020\/03\/logotipo-Caderno-Inteligente.png?fit=1067%2C1067&ssl=1\",\"contentUrl\":\"https:\/\/i0.wp.com\/blog.cadernointeligente.pt\/wp\/wp-content\/uploads\/2020\/03\/logotipo-Caderno-Inteligente.png?fit=1067%2C1067&ssl=1\",\"width\":1067,\"height\":1067,\"caption\":\"Caderno Inteligente Portugal\"},\"image\":{\"@id\":\"https:\/\/blog.cadernointeligente.pt\/wp\/#\/schema\/logo\/image\/\"},\"sameAs\":[\"https:\/\/www.instagram.com\/cadernointeligente_pt\/\"]}]}<\/script>\n<!-- \/ Yoast SEO plugin. -->","yoast_head_json":{"title":"Material de Apoio ao Estudo 8\u00ba ano - Caderno Inteligente","description":"Neste espa\u00e7o podes consultar e partilhar resumos, apontamentos e outros materiais de apoio para o 8\u00ba ano. Ainda podes ver o que j\u00e1 temos","robots":{"index":"index","follow":"follow","max-snippet":"max-snippet:-1","max-image-preview":"max-image-preview:large","max-video-preview":"max-video-preview:-1"},"canonical":"https:\/\/blog.cadernointeligente.pt\/wp\/8o-ano\/","og_locale":"pt_PT","og_type":"article","og_title":"Material de Apoio ao Estudo 8\u00ba ano - Caderno Inteligente","og_description":"Neste espa\u00e7o podes consultar e partilhar resumos, apontamentos e outros materiais de apoio para o 8\u00ba ano. Ainda podes ver o que j\u00e1 temos","og_url":"https:\/\/blog.cadernointeligente.pt\/wp\/8o-ano\/","og_site_name":"Caderno Inteligente","article_modified_time":"2023-12-20T14:42:36+00:00","og_image":[{"width":1858,"height":532,"url":"https:\/\/blog.cadernointeligente.pt\/wp\/wp-content\/uploads\/2022\/01\/Banner_8_ano.jpg","type":"image\/jpeg"}],"twitter_card":"summary_large_image","twitter_misc":{"Tempo estimado de leitura":"2 minutos"},"schema":{"@context":"https:\/\/schema.org","@graph":[{"@type":"WebPage","@id":"https:\/\/blog.cadernointeligente.pt\/wp\/8o-ano\/","url":"https:\/\/blog.cadernointeligente.pt\/wp\/8o-ano\/","name":"Material de Apoio ao Estudo 8\u00ba ano - Caderno Inteligente","isPartOf":{"@id":"https:\/\/blog.cadernointeligente.pt\/wp\/#website"},"primaryImageOfPage":{"@id":"https:\/\/blog.cadernointeligente.pt\/wp\/8o-ano\/#primaryimage"},"image":{"@id":"https:\/\/blog.cadernointeligente.pt\/wp\/8o-ano\/#primaryimage"},"thumbnailUrl":"https:\/\/i0.wp.com\/blog.cadernointeligente.pt\/wp\/wp-content\/uploads\/2022\/01\/Banner_8_ano.jpg?fit=1858%2C532&ssl=1","datePublished":"2022-01-07T11:34:25+00:00","dateModified":"2023-12-20T14:42:36+00:00","description":"Neste espa\u00e7o podes consultar e partilhar resumos, apontamentos e outros materiais de apoio para o 8\u00ba ano. Ainda podes ver o que j\u00e1 temos","breadcrumb":{"@id":"https:\/\/blog.cadernointeligente.pt\/wp\/8o-ano\/#breadcrumb"},"inLanguage":"pt-PT","potentialAction":[{"@type":"ReadAction","target":["https:\/\/blog.cadernointeligente.pt\/wp\/8o-ano\/"]}]},{"@type":"ImageObject","inLanguage":"pt-PT","@id":"https:\/\/blog.cadernointeligente.pt\/wp\/8o-ano\/#primaryimage","url":"https:\/\/i0.wp.com\/blog.cadernointeligente.pt\/wp\/wp-content\/uploads\/2022\/01\/Banner_8_ano.jpg?fit=1858%2C532&ssl=1","contentUrl":"https:\/\/i0.wp.com\/blog.cadernointeligente.pt\/wp\/wp-content\/uploads\/2022\/01\/Banner_8_ano.jpg?fit=1858%2C532&ssl=1","width":1858,"height":532,"caption":"Banner_8_ano"},{"@type":"BreadcrumbList","@id":"https:\/\/blog.cadernointeligente.pt\/wp\/8o-ano\/#breadcrumb","itemListElement":[{"@type":"ListItem","position":1,"name":"In\u00edcio","item":"https:\/\/blog.cadernointeligente.pt\/wp\/"},{"@type":"ListItem","position":2,"name":"8\u00ba ano"}]},{"@type":"WebSite","@id":"https:\/\/blog.cadernointeligente.pt\/wp\/#website","url":"https:\/\/blog.cadernointeligente.pt\/wp\/","name":"Caderno Inteligente","description":"Blog do Caderno Inteligente Portugal","publisher":{"@id":"https:\/\/blog.cadernointeligente.pt\/wp\/#organization"},"potentialAction":[{"@type":"SearchAction","target":{"@type":"EntryPoint","urlTemplate":"https:\/\/blog.cadernointeligente.pt\/wp\/?s={search_term_string}"},"query-input":{"@type":"PropertyValueSpecification","valueRequired":true,"valueName":"search_term_string"}}],"inLanguage":"pt-PT"},{"@type":"Organization","@id":"https:\/\/blog.cadernointeligente.pt\/wp\/#organization","name":"Caderno Inteligente Portugal","url":"https:\/\/blog.cadernointeligente.pt\/wp\/","logo":{"@type":"ImageObject","inLanguage":"pt-PT","@id":"https:\/\/blog.cadernointeligente.pt\/wp\/#\/schema\/logo\/image\/","url":"https:\/\/i0.wp.com\/blog.cadernointeligente.pt\/wp\/wp-content\/uploads\/2020\/03\/logotipo-Caderno-Inteligente.png?fit=1067%2C1067&ssl=1","contentUrl":"https:\/\/i0.wp.com\/blog.cadernointeligente.pt\/wp\/wp-content\/uploads\/2020\/03\/logotipo-Caderno-Inteligente.png?fit=1067%2C1067&ssl=1","width":1067,"height":1067,"caption":"Caderno Inteligente Portugal"},"image":{"@id":"https:\/\/blog.cadernointeligente.pt\/wp\/#\/schema\/logo\/image\/"},"sameAs":["https:\/\/www.instagram.com\/cadernointeligente_pt\/"]}]}},"jetpack_sharing_enabled":true,"_links":{"self":[{"href":"https:\/\/blog.cadernointeligente.pt\/wp\/wp-json\/wp\/v2\/pages\/3823","targetHints":{"allow":["GET"]}}],"collection":[{"href":"https:\/\/blog.cadernointeligente.pt\/wp\/wp-json\/wp\/v2\/pages"}],"about":[{"href":"https:\/\/blog.cadernointeligente.pt\/wp\/wp-json\/wp\/v2\/types\/page"}],"author":[{"embeddable":true,"href":"https:\/\/blog.cadernointeligente.pt\/wp\/wp-json\/wp\/v2\/users\/1"}],"replies":[{"embeddable":true,"href":"https:\/\/blog.cadernointeligente.pt\/wp\/wp-json\/wp\/v2\/comments?post=3823"}],"version-history":[{"count":0,"href":"https:\/\/blog.cadernointeligente.pt\/wp\/wp-json\/wp\/v2\/pages\/3823\/revisions"}],"wp:featuredmedia":[{"embeddable":true,"href":"https:\/\/blog.cadernointeligente.pt\/wp\/wp-json\/wp\/v2\/media\/4116"}],"wp:attachment":[{"href":"https:\/\/blog.cadernointeligente.pt\/wp\/wp-json\/wp\/v2\/media?parent=3823"}],"curies":[{"name":"wp","href":"https:\/\/api.w.org\/{rel}","templated":true}]}}